{"id":2155,"date":"2012-09-05T22:04:29","date_gmt":"2012-09-05T20:04:29","guid":{"rendered":"http:\/\/www.hillmering.se\/?page_id=2155"},"modified":"2012-09-05T22:54:10","modified_gmt":"2012-09-05T20:54:10","slug":"kopa-bilder-for-eget-bruk","status":"publish","type":"page","link":"http:\/\/www.hillmering.se\/?page_id=2155","title":{"rendered":"K\u00f6pa bilder"},"content":{"rendered":"<p>N\u00e4stan alla bilder p\u00e5 Hillmering.se g\u00e5r att k\u00f6pa. Maila <em>linda@hillmering.se<\/em> vid intresse!<\/p>\n<h3>Priser<\/h3>\n<p><strong>Digitala bilder<\/strong> (priser inklusive frakt, levereras via mail)<br \/>\nLiten (400&#215;600 pixlar) &#8211; 49 kr\/st<br \/>\nStor (600&#215;900 pixlar) &#8211; 89 kr\/st<\/p>\n<p>Digitala bilder levereras med diskret logga (LHfoto.se) i ett h\u00f6rn.<\/p>\n<p><strong>Framkallade bilder<\/strong> (priser inklusive frakt)<br \/>\n10,2&#215;15,2 cm &#8211; F\u00f6rsta bilden 49 kr, f\u00f6ljande bilder 19 kr\/st<br \/>\n15,2&#215;22,8 cm &#8211; F\u00f6rsta bilden 69 kr, f\u00f6ljande bilder 39 kr\/st<br \/>\n20,2&#215;30,5 cm &#8211; F\u00f6rsta bilden 99 kr, f\u00f6ljande bilder 69 kr\/st<\/p>\n<p>V\u00e4lj blankt eller matt fotopapper.<\/p>\n<h3>Villkor vid k\u00f6p av bilder<\/h3>\n<p>Inga bilder f\u00e5r anv\u00e4ndas i kommersiellt syfte. Om kommersiell anv\u00e4ndning \u00f6nskas, kontakta mig.<\/p>\n<p><strong>Digitala bilder<\/strong> f\u00e5r\u00a0<span style=\"text-decoration: underline;\">inte p\u00e5 n\u00e5got s\u00e4tt<\/span>:<\/p>\n<ul>\n<li>Redigeras<\/li>\n<li>Manipuleras<\/li>\n<li>Besk\u00e4ras<\/li>\n<\/ul>\n<p>Vid publicering av digitala bilder, till exempel i bloggar eller tidningar, m\u00e5ste Linda Hillmering anges som fotograf intill bilderna.<\/p>\n<p><strong>Framkallade bilder<\/strong> f\u00e5r\u00a0<span style=\"text-decoration: underline;\">inte p\u00e5 n\u00e5got s\u00e4tt<\/span>:<\/p>\n<ul>\n<li>Publiceras<\/li>\n<li>Kopieras<\/li>\n<li>Dupliceras<\/li>\n<li>Scannas<\/li>\n<li>\u00d6verf\u00f6ras till digitalt media<\/li>\n<\/ul>\n","protected":false},"excerpt":{"rendered":"<p>N\u00e4stan alla bilder p\u00e5 Hillmering.se g\u00e5r att k\u00f6pa. Maila linda@hillmering.se vid intresse! Priser Digitala bilder (priser inklusive frakt, levereras via mail) Liten (400&#215;600 pixlar) &#8211; 49 kr\/st Stor (600&#215;900 pixlar) &#8211; 89 kr\/st Digitala bilder levereras med diskret logga (LHfoto.se) i ett h\u00f6rn. Framkallade bilder (priser inklusive frakt) 10,2&#215;15,2 cm &#8211; F\u00f6rsta bilden 49 kr, [&hellip;]<\/p>\n","protected":false},"author":3,"featured_media":0,"parent":0,"menu_order":0,"comment_status":"open","ping_status":"open","template":"","meta":[],"_links":{"self":[{"href":"http:\/\/www.hillmering.se\/index.php?rest_route=\/wp\/v2\/pages\/2155"}],"collection":[{"href":"http:\/\/www.hillmering.se\/index.php?rest_route=\/wp\/v2\/pages"}],"about":[{"href":"http:\/\/www.hillmering.se\/index.php?rest_route=\/wp\/v2\/types\/page"}],"author":[{"embeddable":true,"href":"http:\/\/www.hillmering.se\/index.php?rest_route=\/wp\/v2\/users\/3"}],"replies":[{"embeddable":true,"href":"http:\/\/www.hillmering.se\/index.php?rest_route=%2Fwp%2Fv2%2Fcomments&post=2155"}],"version-history":[{"count":49,"href":"http:\/\/www.hillmering.se\/index.php?rest_route=\/wp\/v2\/pages\/2155\/revisions"}],"predecessor-version":[{"id":2204,"href":"http:\/\/www.hillmering.se\/index.php?rest_route=\/wp\/v2\/pages\/2155\/revisions\/2204"}],"wp:attachment":[{"href":"http:\/\/www.hillmering.se\/index.php?rest_route=%2Fwp%2Fv2%2Fmedia&parent=2155"}],"curies":[{"name":"wp","href":"https:\/\/api.w.org\/{rel}","templated":true}]}}